{"id":1323,"date":"2022-02-15T16:32:50","date_gmt":"2022-02-15T15:32:50","guid":{"rendered":"http:\/\/www.n-k-b.de\/wordpress\/?page_id=1323"},"modified":"2023-03-09T08:31:08","modified_gmt":"2023-03-09T07:31:08","slug":"werner-georg","status":"publish","type":"page","link":"https:\/\/www.n-k-b.de\/wordpress\/werner-georg\/","title":{"rendered":"Dr. Dr. Georg Werner"},"content":{"rendered":"\t\t<div data-elementor-type=\"wp-page\" data-elementor-id=\"1323\" class=\"elementor elementor-1323\" data-elementor-post-type=\"page\">\n\t\t\t\t\t\t<section class=\"elementor-section elementor-top-section elementor-element elementor-element-5eed1f53 elementor-section-boxed elementor-section-height-default elementor-section-height-default\" data-id=\"5eed1f53\" data-element_type=\"section\" data-e-type=\"section\">\n\t\t\t\t\t\t<div class=\"elementor-container elementor-column-gap-default\">\n\t\t\t\t\t<div class=\"elementor-column elementor-col-50 elementor-top-column elementor-element elementor-element-7e2c23d0 elementor-invisible\" data-id=\"7e2c23d0\" data-element_type=\"column\" data-e-type=\"column\" data-settings=\"{&quot;animation&quot;:&quot;fadeIn&quot;}\">\n\t\t\t<div class=\"elementor-widget-wrap elementor-element-populated\">\n\t\t\t\t\t\t<div class=\"elementor-element elementor-element-342484b0 elementor-widget elementor-widget-image\" data-id=\"342484b0\" data-element_type=\"widget\" data-e-type=\"widget\" data-widget_type=\"image.default\">\n\t\t\t\t<div class=\"elementor-widget-container\">\n\t\t\t\t\t\t\t\t\t\t\t\t\t\t\t<img fetchpriority=\"high\" decoding=\"async\" width=\"800\" height=\"800\" src=\"https:\/\/www.n-k-b.de\/wordpress\/wp-content\/uploads\/2022\/02\/DPP_1n1_sw-1024x1024.jpg\" class=\"attachment-large size-large wp-image-1316\" alt=\"\" srcset=\"https:\/\/www.n-k-b.de\/wordpress\/wp-content\/uploads\/2022\/02\/DPP_1n1_sw-1024x1024.jpg 1024w, https:\/\/www.n-k-b.de\/wordpress\/wp-content\/uploads\/2022\/02\/DPP_1n1_sw-300x300.jpg 300w, https:\/\/www.n-k-b.de\/wordpress\/wp-content\/uploads\/2022\/02\/DPP_1n1_sw-150x150.jpg 150w, https:\/\/www.n-k-b.de\/wordpress\/wp-content\/uploads\/2022\/02\/DPP_1n1_sw-768x768.jpg 768w, https:\/\/www.n-k-b.de\/wordpress\/wp-content\/uploads\/2022\/02\/DPP_1n1_sw.jpg 1417w\" sizes=\"(max-width: 800px) 100vw, 800px\" \/>\t\t\t\t\t\t\t\t\t\t\t\t\t\t\t<\/div>\n\t\t\t\t<\/div>\n\t\t\t\t\t<\/div>\n\t\t<\/div>\n\t\t\t\t<div class=\"elementor-column elementor-col-50 elementor-top-column elementor-element elementor-element-3203a74 elementor-invisible\" data-id=\"3203a74\" data-element_type=\"column\" data-e-type=\"column\" data-settings=\"{&quot;animation&quot;:&quot;fadeIn&quot;}\">\n\t\t\t<div class=\"elementor-widget-wrap elementor-element-populated\">\n\t\t\t\t\t\t<div class=\"elementor-element elementor-element-5a98087e elementor-widget elementor-widget-heading\" data-id=\"5a98087e\" data-element_type=\"widget\" data-e-type=\"widget\" data-widget_type=\"heading.default\">\n\t\t\t\t<div class=\"elementor-widget-container\">\n\t\t\t\t\t<h2 class=\"elementor-heading-title elementor-size-default\">Dr. Dr. Georg Werner<\/h2>\t\t\t\t<\/div>\n\t\t\t\t<\/div>\n\t\t\t\t<div class=\"elementor-element elementor-element-7ff76310 elementor-widget elementor-widget-text-editor\" data-id=\"7ff76310\" data-element_type=\"widget\" data-e-type=\"widget\" data-widget_type=\"text-editor.default\">\n\t\t\t\t<div class=\"elementor-widget-container\">\n\t\t\t\t\t\t\t\t\t<h5>\u201eWenn die &lt;Abstrakten Bilder&gt; meine Realit\u00e4t zeigen,<span class=\"Apple-converted-space\">\u00a0<br \/><\/span>dann zeigen die Landschaften oder Stillleben meine Sehnsucht.\u201c<br \/>\u2013 Gerhard Richter \u2013 <span class=\"Apple-converted-space\">\u00a0<\/span><\/h5><h5>Meine Aquarelle sind Bilder \u00fcber etwas, nicht von etwas. Ziel ist weder die malerische Imitation der Wirklichkeit noch die Transformation des visuell Realen ins Ungegenst\u00e4ndliche. Vielmehr werden in den Arbeiten Stimmungen und Empfindungen wiedergegeben. Die dazu notwendige Abstraktion der Realit\u00e4t wird durch die flie\u00dfenden und zerflie\u00dfenden Wasserfarben unterst\u00fctzt. <span class=\"Apple-converted-space\">\u00a0<\/span><\/h5>\t\t\t\t\t\t\t\t<\/div>\n\t\t\t\t<\/div>\n\t\t\t\t\t<\/div>\n\t\t<\/div>\n\t\t\t\t\t<\/div>\n\t\t<\/section>\n\t\t\t\t<section class=\"elementor-section elementor-top-section elementor-element elementor-element-61bdcdc0 elementor-section-boxed elementor-section-height-default elementor-section-height-default elementor-invisible\" data-id=\"61bdcdc0\" data-element_type=\"section\" data-e-type=\"section\" data-settings=\"{&quot;animation&quot;:&quot;fadeIn&quot;}\">\n\t\t\t\t\t\t<div class=\"elementor-container elementor-column-gap-default\">\n\t\t\t\t\t<div class=\"elementor-column elementor-col-100 elementor-top-column elementor-element elementor-element-37e8d51f\" data-id=\"37e8d51f\" data-element_type=\"column\" data-e-type=\"column\">\n\t\t\t<div class=\"elementor-widget-wrap elementor-element-populated\">\n\t\t\t\t\t\t<div class=\"elementor-element elementor-element-72658230 elementor-widget elementor-widget-heading\" data-id=\"72658230\" data-element_type=\"widget\" data-e-type=\"widget\" data-widget_type=\"heading.default\">\n\t\t\t\t<div class=\"elementor-widget-container\">\n\t\t\t\t\t<h2 class=\"elementor-heading-title elementor-size-default\">Dr. Dr. Georg Werners Kunstwerke<\/h2>\t\t\t\t<\/div>\n\t\t\t\t<\/div>\n\t\t\t\t<div class=\"elementor-element elementor-element-d5e9a46 elementor-arrows-position-outside elementor-pagination-position-outside elementor-widget elementor-widget-image-carousel\" data-id=\"d5e9a46\" data-element_type=\"widget\" data-e-type=\"widget\" data-settings=\"{&quot;slides_to_show&quot;:&quot;3&quot;,&quot;image_spacing_custom&quot;:{&quot;unit&quot;:&quot;px&quot;,&quot;size&quot;:27,&quot;sizes&quot;:[]},&quot;navigation&quot;:&quot;both&quot;,&quot;autoplay&quot;:&quot;yes&quot;,&quot;pause_on_hover&quot;:&quot;yes&quot;,&quot;pause_on_interaction&quot;:&quot;yes&quot;,&quot;autoplay_speed&quot;:5000,&quot;infinite&quot;:&quot;yes&quot;,&quot;speed&quot;:500,&quot;image_spacing_custom_tablet&quot;:{&quot;unit&quot;:&quot;px&quot;,&quot;size&quot;:&quot;&quot;,&quot;sizes&quot;:[]},&quot;image_spacing_custom_mobile&quot;:{&quot;unit&quot;:&quot;px&quot;,&quot;size&quot;:&quot;&quot;,&quot;sizes&quot;:[]}}\" data-widget_type=\"image-carousel.default\">\n\t\t\t\t<div class=\"elementor-widget-container\">\n\t\t\t\t\t\t\t<div class=\"elementor-image-carousel-wrapper swiper\" role=\"region\" aria-roledescription=\"carousel\" aria-label=\"Bild Karussell\" dir=\"ltr\">\n\t\t\t<div class=\"elementor-image-carousel swiper-wrapper swiper-image-stretch\" aria-live=\"off\">\n\t\t\t\t\t\t\t\t<div class=\"swiper-slide\" role=\"group\" aria-roledescription=\"slide\" aria-label=\"1 von 4\"><figure class=\"swiper-slide-inner\"><img decoding=\"async\" class=\"swiper-slide-image\" src=\"https:\/\/www.n-k-b.de\/wordpress\/wp-content\/uploads\/2022\/02\/homepage4-scaled.jpg\" alt=\"Dr. Dr. Georg Werner\" \/><\/figure><\/div><div class=\"swiper-slide\" role=\"group\" aria-roledescription=\"slide\" aria-label=\"2 von 4\"><figure class=\"swiper-slide-inner\"><img decoding=\"async\" class=\"swiper-slide-image\" src=\"https:\/\/www.n-k-b.de\/wordpress\/wp-content\/uploads\/2022\/02\/Homepage-2-scaled.jpg\" alt=\"Dr. Dr. Georg Werner\" \/><\/figure><\/div><div class=\"swiper-slide\" role=\"group\" aria-roledescription=\"slide\" aria-label=\"3 von 4\"><figure class=\"swiper-slide-inner\"><img decoding=\"async\" class=\"swiper-slide-image\" src=\"https:\/\/www.n-k-b.de\/wordpress\/wp-content\/uploads\/2022\/02\/homepag5-scaled.jpg\" alt=\"Dr. Dr. Georg Werner\" \/><\/figure><\/div><div class=\"swiper-slide\" role=\"group\" aria-roledescription=\"slide\" aria-label=\"4 von 4\"><figure class=\"swiper-slide-inner\"><img decoding=\"async\" class=\"swiper-slide-image\" src=\"https:\/\/www.n-k-b.de\/wordpress\/wp-content\/uploads\/2022\/02\/DSC00501-scaled.jpg\" alt=\"Dr. Dr. Georg Werner\" \/><\/figure><\/div>\t\t\t<\/div>\n\t\t\t\t\t\t\t\t\t\t\t\t<div class=\"elementor-swiper-button elementor-swiper-button-prev\" role=\"button\" tabindex=\"0\">\n\t\t\t\t\t\t<i aria-hidden=\"true\" class=\"eicon-chevron-left\"><\/i>\t\t\t\t\t<\/div>\n\t\t\t\t\t<div class=\"elementor-swiper-button elementor-swiper-button-next\" role=\"button\" tabindex=\"0\">\n\t\t\t\t\t\t<i aria-hidden=\"true\" class=\"eicon-chevron-right\"><\/i>\t\t\t\t\t<\/div>\n\t\t\t\t\n\t\t\t\t\t\t\t\t\t<div class=\"swiper-pagination\"><\/div>\n\t\t\t\t\t\t\t\t\t<\/div>\n\t\t\t\t\t\t<\/div>\n\t\t\t\t<\/div>\n\t\t\t\t\t<\/div>\n\t\t<\/div>\n\t\t\t\t\t<\/div>\n\t\t<\/section>\n\t\t\t\t<section class=\"elementor-section elementor-top-section elementor-element elementor-element-2ea4b9de elementor-section-full_width elementor-section-height-default elementor-section-height-default\" data-id=\"2ea4b9de\" data-element_type=\"section\" data-e-type=\"section\" data-settings=\"{&quot;background_background&quot;:&quot;classic&quot;,&quot;shape_divider_top&quot;:&quot;curve&quot;,&quot;shape_divider_bottom&quot;:&quot;curve&quot;,&quot;shape_divider_bottom_negative&quot;:&quot;yes&quot;}\">\n\t\t\t\t\t<div class=\"elementor-shape elementor-shape-top\" aria-hidden=\"true\" data-negative=\"false\">\n\t\t\t<svg xmlns=\"http:\/\/www.w3.org\/2000\/svg\" viewBox=\"0 0 1000 100\" preserveAspectRatio=\"none\">\n    <path class=\"elementor-shape-fill\" d=\"M1000,4.3V0H0v4.3C0.9,23.1,126.7,99.2,500,100S1000,22.7,1000,4.3z\"\/>\n<\/svg>\t\t<\/div>\n\t\t\t\t<div class=\"elementor-shape elementor-shape-bottom\" aria-hidden=\"true\" data-negative=\"true\">\n\t\t\t<svg xmlns=\"http:\/\/www.w3.org\/2000\/svg\" viewBox=\"0 0 1000 100\" preserveAspectRatio=\"none\">\n\t<path class=\"elementor-shape-fill\" d=\"M500,97C126.7,96.3,0.8,19.8,0,0v100l1000,0V1C1000,19.4,873.3,97.8,500,97z\"\/>\n<\/svg>\t\t<\/div>\n\t\t\t\t\t<div class=\"elementor-container elementor-column-gap-narrow\">\n\t\t\t\t\t<div class=\"elementor-column elementor-col-100 elementor-top-column elementor-element elementor-element-6723305a\" data-id=\"6723305a\" data-element_type=\"column\" data-e-type=\"column\">\n\t\t\t<div class=\"elementor-widget-wrap elementor-element-populated\">\n\t\t\t\t\t\t<div class=\"elementor-element elementor-element-1128dbe1 elementor-widget__width-initial elementor-absolute elementor-hidden-mobile elementor-hidden-tablet elementor-widget elementor-widget-image\" data-id=\"1128dbe1\" data-element_type=\"widget\" data-e-type=\"widget\" data-settings=\"{&quot;_position&quot;:&quot;absolute&quot;}\" data-widget_type=\"image.default\">\n\t\t\t\t<div class=\"elementor-widget-container\">\n\t\t\t\t\t\t\t\t\t\t\t\t\t\t\t<img decoding=\"async\" width=\"379\" height=\"381\" src=\"https:\/\/www.n-k-b.de\/wordpress\/wp-content\/uploads\/2022\/01\/nkb_ohne_textpsd_hell.png\" class=\"attachment-large size-large wp-image-443\" alt=\"\" srcset=\"https:\/\/www.n-k-b.de\/wordpress\/wp-content\/uploads\/2022\/01\/nkb_ohne_textpsd_hell.png 379w, https:\/\/www.n-k-b.de\/wordpress\/wp-content\/uploads\/2022\/01\/nkb_ohne_textpsd_hell-298x300.png 298w, https:\/\/www.n-k-b.de\/wordpress\/wp-content\/uploads\/2022\/01\/nkb_ohne_textpsd_hell-150x150.png 150w\" sizes=\"(max-width: 379px) 100vw, 379px\" \/>\t\t\t\t\t\t\t\t\t\t\t\t\t\t\t<\/div>\n\t\t\t\t<\/div>\n\t\t\t\t<div class=\"elementor-element elementor-element-1c59ac elementor-widget elementor-widget-heading\" data-id=\"1c59ac\" data-element_type=\"widget\" data-e-type=\"widget\" data-widget_type=\"heading.default\">\n\t\t\t\t<div class=\"elementor-widget-container\">\n\t\t\t\t\t<h2 class=\"elementor-heading-title elementor-size-default\">Sie haben Interesse an Dr. Dr. Georg Werners Arbeiten?<\/h2>\t\t\t\t<\/div>\n\t\t\t\t<\/div>\n\t\t\t\t<div class=\"elementor-element elementor-element-21d156c4 elementor-widget elementor-widget-text-editor\" data-id=\"21d156c4\" data-element_type=\"widget\" data-e-type=\"widget\" data-widget_type=\"text-editor.default\">\n\t\t\t\t<div class=\"elementor-widget-container\">\n\t\t\t\t\t\t\t\t\t<p>Dann schreiben Sie ihm doch ganz unkompliziert eine Nachricht. Der K\u00fcnstler freut sich sehr auf Ihre Nachricht.<\/p>\t\t\t\t\t\t\t\t<\/div>\n\t\t\t\t<\/div>\n\t\t\t\t<div class=\"elementor-element elementor-element-49e2ccfa elementor-align-center elementor-widget elementor-widget-button\" data-id=\"49e2ccfa\" data-element_type=\"widget\" data-e-type=\"widget\" data-widget_type=\"button.default\">\n\t\t\t\t<div class=\"elementor-widget-container\">\n\t\t\t\t\t\t\t\t\t<div class=\"elementor-button-wrapper\">\n\t\t\t\t\t<a class=\"elementor-button elementor-button-link elementor-size-md elementor-animation-grow\" href=\"mailto:georg.werner@n-k-b.de\">\n\t\t\t\t\t\t<span class=\"elementor-button-content-wrapper\">\n\t\t\t\t\t\t\t\t\t<span class=\"elementor-button-text\">IHRE NACHRICHT<\/span>\n\t\t\t\t\t<\/span>\n\t\t\t\t\t<\/a>\n\t\t\t\t<\/div>\n\t\t\t\t\t\t\t\t<\/div>\n\t\t\t\t<\/div>\n\t\t\t\t\t<\/div>\n\t\t<\/div>\n\t\t\t\t\t<\/div>\n\t\t<\/section>\n\t\t\t\t<\/div>\n\t\t","protected":false},"excerpt":{"rendered":"<p>Dr. Dr. Georg Werner \u201eWenn die &lt;Abstrakten Bilder&gt; meine Realit\u00e4t zeigen,\u00a0dann zeigen die Landschaften oder Stillleben meine Sehnsucht.\u201c\u2013 Gerhard Richter \u2013 \u00a0 Meine Aquarelle sind Bilder \u00fcber etwas, nicht von etwas. Ziel ist weder die malerische Imitation der Wirklichkeit noch die Transformation des visuell Realen ins Ungegenst\u00e4ndliche. Vielmehr werden in den Arbeiten Stimmungen und Empfindungen [&hellip;]<\/p>\n","protected":false},"author":1,"featured_media":0,"parent":0,"menu_order":0,"comment_status":"closed","ping_status":"closed","template":"","meta":{"footnotes":""},"class_list":["post-1323","page","type-page","status-publish","hentry"],"_links":{"self":[{"href":"https:\/\/www.n-k-b.de\/wordpress\/wp-json\/wp\/v2\/pages\/1323","targetHints":{"allow":["GET"]}}],"collection":[{"href":"https:\/\/www.n-k-b.de\/wordpress\/wp-json\/wp\/v2\/pages"}],"about":[{"href":"https:\/\/www.n-k-b.de\/wordpress\/wp-json\/wp\/v2\/types\/page"}],"author":[{"embeddable":true,"href":"https:\/\/www.n-k-b.de\/wordpress\/wp-json\/wp\/v2\/users\/1"}],"replies":[{"embeddable":true,"href":"https:\/\/www.n-k-b.de\/wordpress\/wp-json\/wp\/v2\/comments?post=1323"}],"version-history":[{"count":24,"href":"https:\/\/www.n-k-b.de\/wordpress\/wp-json\/wp\/v2\/pages\/1323\/revisions"}],"predecessor-version":[{"id":3080,"href":"https:\/\/www.n-k-b.de\/wordpress\/wp-json\/wp\/v2\/pages\/1323\/revisions\/3080"}],"wp:attachment":[{"href":"https:\/\/www.n-k-b.de\/wordpress\/wp-json\/wp\/v2\/media?parent=1323"}],"curies":[{"name":"wp","href":"https:\/\/api.w.org\/{rel}","templated":true}]}}